{"id":2699,"date":"2021-03-04T19:45:53","date_gmt":"2021-03-04T19:45:53","guid":{"rendered":"https:\/\/www.hartmann-verputztechnik.at\/2020\/?page_id=2699"},"modified":"2025-06-03T06:37:04","modified_gmt":"2025-06-03T06:37:04","slug":"impressum","status":"publish","type":"page","link":"https:\/\/www.hartmann-verputztechnik.at\/2020\/impressum\/","title":{"rendered":"Impressum"},"content":{"rendered":"<div data-colibri-id=\"2699-c1\" class=\"style-1203 style-local-2699-c1 position-relative\">\n  <!---->\n  <div data-colibri-component=\"section\" data-colibri-id=\"2699-c2\" id=\"custom\" class=\"h-section h-section-global-spacing d-flex align-items-lg-center align-items-md-center align-items-center style-1230 style-local-2699-c2 position-relative\">\n    <!---->\n    <!---->\n    <div class=\"h-section-grid-container h-section-boxed-container\">\n      <!---->\n      <div data-colibri-id=\"2699-c3\" class=\"h-row-container gutters-row-lg-2 gutters-row-md-2 gutters-row-0 gutters-row-v-lg-2 gutters-row-v-md-2 gutters-row-v-2 style-1231 style-local-2699-c3 position-relative\">\n        <!---->\n        <div class=\"h-row justify-content-lg-center justify-content-md-center justify-content-center align-items-lg-stretch align-items-md-stretch align-items-stretch gutters-col-lg-2 gutters-col-md-2 gutters-col-0 gutters-col-v-lg-2 gutters-col-v-md-2 gutters-col-v-2\">\n          <!---->\n          <div class=\"h-column h-column-container d-flex h-col-lg-auto h-col-md-auto h-col-auto style-1232-outer style-local-2699-c4-outer\">\n            <div data-colibri-id=\"2699-c4\" class=\"d-flex h-flex-basis h-column__inner h-px-lg-2 h-px-md-2 h-px-2 v-inner-lg-2 v-inner-md-2 v-inner-2 style-1232 style-local-2699-c4 position-relative\">\n              <!---->\n              <!---->\n              <div class=\"w-100 h-y-container h-column__content h-column__v-align flex-basis-100 align-self-lg-start align-self-md-start align-self-start\">\n                <!---->\n                <div data-colibri-id=\"2699-c5\" class=\"h-text h-text-component style-1233 style-local-2699-c5 position-relative h-element\">\n                  <!---->\n                  <!---->\n                  <div class=\"\">\n                    <p>Informationspflicht laut \u00a75 E-Commerce Gesetz, \u00a714 Unternehmensgesetzbuch, \u00a763 Gewerbeordnung und Offenlegungspflicht laut \u00a725 Mediengesetz.<\/p>\n                    <p>Hartmann Verputztechnik e.U.\n                      <br>J\u00fcrgen Hartmann\n                      <br>Industriestra\u00dfe 8\n                      <br>6832 Sulz\n                      <br>\u00d6sterreich<\/p>\n                    <p>Unternehmensgegenstand: Anbringen von Stuckaturen, Gipserei und Verputzerei<\/p>\n                    <p>Firmensitz: <span style=\"font-weight: 400; font-size: 16px; font-family: &quot;Open Sans&quot;; color: rgb(70, 112, 127);\">6832 Sulz<\/span>\n                      <br>Firmenbuchnummer: 620332d\n                      <br>\n                    <\/p>\n                    <p>Tel.: +43 660 560 63 40\n                      <br>E-Mail:\n                      <a href=\"mailto:office@hartmann-verputztechnik.at\">office@hartmann-verputztechnik.at<\/a>\n                    <\/p>\n                    <p>Mitglied bei: WKO\n                      <br>Berufsrecht: Gewerbeordnung: www.ris.bka.gv.at<\/p>\n                    <h4>EU-Streitschlichtung<\/h4>\n                    <p>Gem\u00e4\u00df Verordnung \u00fcber Online-Streitbeilegung in Verbraucherangelegenheiten (ODR-Verordnung) m\u00f6chten wir Sie \u00fcber die Online-Streitbeilegungsplattform (OS-Plattform) informieren.<\/p>\n                    <p>Verbraucher haben die M\u00f6glichkeit, Beschwerden an die Online Streitbeilegungsplattform der Europ\u00e4ischen Kommission unter http:\/\/ec.europa.eu\/odr?tid=221079549 zu richten. Die daf\u00fcr notwendigen Kontaktdaten finden Sie oberhalb in unserem\n                      Impressum.<\/p>\n                    <p>Wir m\u00f6chten Sie jedoch darauf hinweisen, dass wir nicht bereit oder verpflichtet sind, an Streitbeilegungsverfahren vor einer Verbraucherschlichtungsstelle teilzunehmen.<\/p>\n                    <h4>Haftung f\u00fcr Inhalte dieser Webseite<\/h4>\n                    <p>Wir entwickeln die Inhalte dieser Webseite st\u00e4ndig weiter und bem\u00fchen uns korrekte und aktuelle Informationen bereitzustellen. Leider k\u00f6nnen wir keine Haftung f\u00fcr die Korrektheit aller Inhalte auf dieser Webseite \u00fcbernehmen, speziell\n                      f\u00fcr jene die seitens Dritter bereitgestellt wurden.<\/p>\n                    <p>Sollten Ihnen problematische oder rechtswidrige Inhalte auffallen, bitte wir Sie uns umgehend zu kontaktieren, Sie finden die Kontaktdaten im Impressum.<\/p>\n                    <p>Haftung f\u00fcr Links auf dieser Webseite<\/p>\n                    <p>Unsere Webseite enth\u00e4lt Links zu anderen Webseiten f\u00fcr deren Inhalt wir nicht verantwortlich sind. Haftung f\u00fcr verlinkte Websites besteht laut \u00a7 17 ECG f\u00fcr uns nicht, da wir keine Kenntnis rechtswidriger T\u00e4tigkeiten hatten und haben,\n                      uns solche Rechtswidrigkeiten auch bisher nicht aufgefallen sind und wir Links sofort entfernen w\u00fcrden, wenn uns Rechtswidrigkeiten bekannt werden.<\/p>\n                    <p>Wenn Ihnen rechtswidrige Links auf unserer Website auffallen, bitte wir Sie uns zu kontaktieren, Sie finden die Kontaktdaten im Impressum.<\/p>\n                    <h4>Urheberrechtshinweis<\/h4>\n                    <p>Alle Inhalte dieser Webseite (Bilder, Fotos, Texte, Videos) unterliegen dem Urheberrecht. Falls notwendig, werden wir die unerlaubte Nutzung von Teilen der Inhalte unserer Seite rechtlich verfolgen.<\/p>\n                    <h4>Bildernachweis<\/h4>\n                    <p>Die Bilder, Fotos und Grafiken auf dieser Webseite sind urheberrechtlich gesch\u00fctzt.<\/p>\n                    <p>Die Bilderrechte liegen bei den folgenden Fotografen und Unternehmen:<\/p>\n                    <p>\u2022 J\u00fcrgen Hartmann<\/p>\n                    <p>\n                      <br>\n                    <\/p>\n                  <\/div>\n                <\/div>\n              <\/div>\n            <\/div>\n          <\/div>\n        <\/div>\n      <\/div>\n    <\/div>\n  <\/div>\n<\/div>","protected":false},"excerpt":{"rendered":"<p>Informationspflicht laut \u00a75 E-Commerce Gesetz, \u00a714 Unternehmensgesetzbuch, \u00a763 Gewerbeordnung und Offenlegungspflicht laut \u00a725 Mediengesetz. Hartmann Verputztechnik e.U. J\u00fcrgen Hartmann Industriestra\u00dfe 8 6832 Sulz \u00d6sterreich Unternehmensgegenstand: Anbringen von Stuckaturen, Gipserei und Verputzerei Firmensitz: 6832 Sulz Firmenbuchnummer: 620332d Tel.: +43 660 560 63 40 E-Mail: office@hartmann-verputztechnik.at Mitglied bei: WKO Berufsrecht: Gewerbeordnung: www.ris.bka.gv.at EU-Streitschlichtung Gem\u00e4\u00df Verordnung \u00fcber Online-Streitbeilegung [&hellip;]<\/p>\n","protected":false},"author":1,"featured_media":0,"parent":0,"menu_order":0,"comment_status":"closed","ping_status":"closed","template":"page-templates\/full-width-page.php","meta":{"footnotes":""},"_links":{"self":[{"href":"https:\/\/www.hartmann-verputztechnik.at\/2020\/wp-json\/wp\/v2\/pages\/2699"}],"collection":[{"href":"https:\/\/www.hartmann-verputztechnik.at\/2020\/wp-json\/wp\/v2\/pages"}],"about":[{"href":"https:\/\/www.hartmann-verputztechnik.at\/2020\/wp-json\/wp\/v2\/types\/page"}],"author":[{"embeddable":true,"href":"https:\/\/www.hartmann-verputztechnik.at\/2020\/wp-json\/wp\/v2\/users\/1"}],"replies":[{"embeddable":true,"href":"https:\/\/www.hartmann-verputztechnik.at\/2020\/wp-json\/wp\/v2\/comments?post=2699"}],"version-history":[{"count":6,"href":"https:\/\/www.hartmann-verputztechnik.at\/2020\/wp-json\/wp\/v2\/pages\/2699\/revisions"}],"predecessor-version":[{"id":3234,"href":"https:\/\/www.hartmann-verputztechnik.at\/2020\/wp-json\/wp\/v2\/pages\/2699\/revisions\/3234"}],"wp:attachment":[{"href":"https:\/\/www.hartmann-verputztechnik.at\/2020\/wp-json\/wp\/v2\/media?parent=2699"}],"curies":[{"name":"wp","href":"https:\/\/api.w.org\/{rel}","templated":true}]}}