{"id":230,"date":"2019-03-06T12:19:03","date_gmt":"2019-03-06T12:19:03","guid":{"rendered":"https:\/\/colibriwp-work.colibriwp.com\/business-ii\/?page_id=230"},"modified":"2021-10-11T15:36:59","modified_gmt":"2021-10-11T15:36:59","slug":"about","status":"publish","type":"page","link":"https:\/\/www.hartmann-verputztechnik.at\/2020\/about\/","title":{"rendered":"\u00dcber uns"},"content":{"rendered":"<div data-colibri-id=\"230-c1\" class=\"style-471 style-local-230-c1 position-relative\">\n  <!---->\n  <div data-colibri-component=\"section\" data-colibri-id=\"230-c2\" id=\"about\" class=\"h-section h-section-global-spacing d-flex align-items-lg-center align-items-md-center align-items-center style-1140 style-local-230-c2 position-relative\">\n    <!---->\n    <!---->\n    <div class=\"h-section-grid-container h-section-boxed-container\">\n      <!---->\n      <div data-colibri-id=\"230-c3\" class=\"h-row-container gutters-row-lg-0 gutters-row-md-0 gutters-row-0 gutters-row-v-lg-0 gutters-row-v-md-0 gutters-row-v-0 style-1141 style-local-230-c3 position-relative\">\n        <!---->\n        <div class=\"h-row justify-content-lg-center justify-content-md-center justify-content-center align-items-lg-stretch align-items-md-stretch align-items-stretch gutters-col-lg-0 gutters-col-md-0 gutters-col-0 gutters-col-v-lg-0 gutters-col-v-md-0 gutters-col-v-0\">\n          <!---->\n          <div class=\"h-column h-column-container d-flex h-col-lg-auto h-col-md-auto h-col-auto style-1142-outer style-local-230-c4-outer\">\n            <div data-colibri-id=\"230-c4\" class=\"d-flex h-flex-basis h-column__inner h-px-lg-0 h-px-md-0 h-px-0 v-inner-lg-0 v-inner-md-0 v-inner-0 style-1142 style-local-230-c4 position-relative\">\n              <!---->\n              <!---->\n              <div class=\"w-100 h-y-container h-column__content h-column__v-align flex-basis-100 align-self-lg-start align-self-md-start align-self-start\">\n                <!---->\n                <div data-colibri-id=\"230-c5\" class=\"h-text h-text-component style-1145 style-local-230-c5 position-relative h-element\">\n                  <!---->\n                  <!---->\n                  <div class=\"\">\n                    <p><em>\u201eHartmann\u201c<\/em><\/p>\n                    <p><em>Einer soliden Ausbildung als Maurer, damals schon mit einem Schwerpunkt in Verputzarbeiten, folgte die Ausbildung in der Bauhandwerkerschule. Nach Jahren der beruflichen Praxis und der F\u00fchrung eigener Partien, Aufstieg zum Bauleiter und sp\u00e4ter zum Bereichsleiter f\u00fcr Altbausanierung, Zu- und Umbauarbeiten. 2019 dann die Entscheidung selbst etwas zu unternehmen und der Schritt in die Selbstst\u00e4ndigkeit zu tun.<\/em><\/p>\n                    <p><em>\u201eDer Praktiker und sein Team\u201c<\/em><\/p>\n                    <p><em>J\u00fcrgen Hartmann ist ein Mann der Praxis mit einem Auge f\u00fcr das Detail. Als ausgezeichneter Fachmann ist er nicht nur Ansprechpartner f\u00fcr private Neubauten und Sanierungen, sondern nach Ausbildungsmodulen des Bundesdenkmalamtes auch Verputzspezialist in der Restaurierung.<\/em><\/p>\n                    <p>\n                      <br>\n                    <\/p>\n                  <\/div>\n                <\/div>\n              <\/div>\n            <\/div>\n          <\/div>\n          <div class=\"h-column h-column-container d-flex h-col-lg-auto h-col-md-auto h-col-auto style-1146-outer style-local-230-c6-outer\">\n            <div data-colibri-id=\"230-c6\" class=\"d-flex h-flex-basis h-column__inner h-ui-empty-state-container h-px-lg-2 h-px-md-2 h-px-2 v-inner-lg-2 v-inner-md-2 v-inner-2 style-1146 style-local-230-c6 position-relative\">\n              <!---->\n              <!---->\n              <div class=\"w-100 h-y-container h-column__content h-column__v-align flex-basis-100\">\n                <!---->\n              <\/div>\n            <\/div>\n          <\/div>\n        <\/div>\n      <\/div>\n    <\/div>\n  <\/div>\n  <div data-colibri-component=\"section\" data-colibri-id=\"230-c7\" id=\"team\" class=\"h-section h-section-global-spacing d-flex align-items-lg-center align-items-md-center align-items-center style-1065 style-local-230-c7 position-relative\">\n    <!---->\n    <!---->\n    <div class=\"h-section-grid-container h-section-boxed-container\">\n      <div data-colibri-id=\"230-c30\" class=\"h-row-container gutters-row-lg-2 gutters-row-md-2 gutters-row-2 gutters-row-v-lg-2 gutters-row-v-md-2 gutters-row-v-2 style-1077 style-local-230-c30 position-relative\">\n        <!---->\n        <div class=\"h-row justify-content-lg-center justify-content-md-center justify-content-center align-items-lg-stretch align-items-md-stretch align-items-stretch gutters-col-lg-2 gutters-col-md-2 gutters-col-2 gutters-col-v-lg-2 gutters-col-v-md-2 gutters-col-v-2\">\n          <!---->\n          <div class=\"h-column h-column-container d-flex h-col-lg-auto h-col-md-auto h-col-auto style-1078-outer style-local-230-c31-outer\">\n            <div data-colibri-id=\"230-c31\" class=\"d-flex h-flex-basis h-column__inner h-px-lg-2 h-px-md-2 h-px-2 v-inner-lg-2 v-inner-md-2 v-inner-2 style-1078 style-local-230-c31 position-relative\">\n              <!---->\n              <!---->\n              <div class=\"w-100 h-y-container h-column__content h-column__v-align flex-basis-100 align-self-lg-start align-self-md-start align-self-start\">\n                <!---->\n                <div data-colibri-id=\"230-c32\" class=\"h-global-transition-all h-heading style-1079 style-local-230-c32 position-relative h-element\">\n                  <!---->\n                  <div class=\"h-heading__outer style-1079 style-local-230-c32\">\n                    <!---->\n                    <!---->\n                    <h2 class=\"\">Unser Team<\/h2>\n                  <\/div>\n                <\/div>\n              <\/div>\n            <\/div>\n          <\/div>\n        <\/div>\n      <\/div>\n      <div data-colibri-id=\"230-c8\" class=\"h-row-container gutters-row-lg-2 gutters-row-md-2 gutters-row-2 gutters-row-v-lg-2 gutters-row-v-md-2 gutters-row-v-2 style-1066 style-local-230-c8 position-relative\">\n        <!---->\n        <div class=\"h-row justify-content-lg-center justify-content-md-center justify-content-center align-items-lg-stretch align-items-md-stretch align-items-stretch gutters-col-lg-2 gutters-col-md-2 gutters-col-2 gutters-col-v-lg-2 gutters-col-v-md-2 gutters-col-v-2\">\n          <!---->\n          <div class=\"h-column h-column-container d-flex h-col-lg-4 h-col-md-6 h-col-12 style-1067-outer style-local-230-c9-outer\">\n            <div data-colibri-id=\"230-c9\" class=\"d-flex h-flex-basis h-column__inner h-px-lg-0 h-px-md-0 h-px-0 v-inner-lg-0 v-inner-md-0 v-inner-0 style-1067 style-local-230-c9 position-relative\">\n              <!---->\n              <!---->\n              <div class=\"w-100 h-y-container h-column__content h-column__v-align flex-basis-100 align-self-lg-start align-self-md-start align-self-start\">\n                <!---->\n                <div data-colibri-id=\"230-c10\" class=\"d-block style-1068 style-local-230-c10 position-relative h-element\">\n                  <!---->\n                  <div class=\"h-image__frame-container-outer\">\n                    <div class=\"h-image__frame-container\">\n                      <!---->\n                      <!---->\n                      <img decoding=\"async\" width=\"1668\" height=\"2500\" src=\"https:\/\/www.hartmann-verputztechnik.at\/2020\/wp-content\/uploads\/2021\/03\/L1090787.jpg\" class=\"wp-image-2681 style-1068-image style-local-230-c10-image\" alt=\"\" srcset=\"https:\/\/www.hartmann-verputztechnik.at\/2020\/wp-content\/uploads\/2021\/03\/L1090787.jpg 1668w, https:\/\/www.hartmann-verputztechnik.at\/2020\/wp-content\/uploads\/2021\/03\/L1090787-200x300.jpg 200w, https:\/\/www.hartmann-verputztechnik.at\/2020\/wp-content\/uploads\/2021\/03\/L1090787-683x1024.jpg 683w, https:\/\/www.hartmann-verputztechnik.at\/2020\/wp-content\/uploads\/2021\/03\/L1090787-768x1151.jpg 768w, https:\/\/www.hartmann-verputztechnik.at\/2020\/wp-content\/uploads\/2021\/03\/L1090787-1025x1536.jpg 1025w, https:\/\/www.hartmann-verputztechnik.at\/2020\/wp-content\/uploads\/2021\/03\/L1090787-1366x2048.jpg 1366w\" sizes=\"(max-width: 1668px) 100vw, 1668px\" \/>\n                      <div class=\"h-image__frame h-hide-lg h-hide-md h-hide-sm style-1068-frameImage style-local-230-c10-frameImage\"><\/div>\n                    <\/div>\n                  <\/div>\n                <\/div>\n                <div data-colibri-id=\"230-c11\" class=\"h-row-container gutters-row-lg-0 gutters-row-md-0 gutters-row-0 gutters-row-v-lg-0 gutters-row-v-md-0 gutters-row-v-0 style-1069 style-local-230-c11 position-relative\">\n                  <!---->\n                  <div class=\"h-row justify-content-lg-center justify-content-md-center justify-content-center align-items-lg-stretch align-items-md-stretch align-items-stretch gutters-col-lg-0 gutters-col-md-0 gutters-col-0 gutters-col-v-lg-0 gutters-col-v-md-0 gutters-col-v-0\">\n                    <!---->\n                    <div class=\"h-column h-column-container d-flex h-col-lg-auto h-col-md-auto h-col-auto style-1070-outer style-local-230-c12-outer\">\n                      <div data-colibri-id=\"230-c12\" class=\"d-flex h-flex-basis h-column__inner h-px-lg-2 h-px-md-2 h-px-2 v-inner-lg-2 v-inner-md-2 v-inner-2 style-1070 style-local-230-c12 position-relative\">\n                        <!---->\n                        <!---->\n                        <div class=\"w-100 h-y-container h-column__content h-column__v-align flex-basis-100 align-self-lg-start align-self-md-start align-self-start\">\n                          <!---->\n                          <div data-colibri-id=\"230-c13\" class=\"h-global-transition-all h-heading style-1071 style-local-230-c13 position-relative h-element\">\n                            <!---->\n                            <div class=\"h-heading__outer style-1071 style-local-230-c13\">\n                              <!---->\n                              <!---->\n                              <h4 class=\"\">J\u00fcrgen Hartmann<\/h4>\n                            <\/div>\n                          <\/div>\n                          <div data-colibri-id=\"230-c14\" class=\"h-text h-text-component style-1104 style-local-230-c14 position-relative h-element\">\n                            <!---->\n                            <!---->\n                            <div class=\"\">\n                              <p><span style=\"font-weight: 400; font-size: 18px; font-family: &quot;Open Sans&quot;; color: rgb(17, 135, 180);\">Gesch\u00e4ftsf\u00fchrer und Praktiker<\/span><\/p>\n                            <\/div>\n                          <\/div>\n                          <div data-colibri-id=\"230-c15\" class=\"h-text h-text-component style-1072 style-local-230-c15 position-relative h-element\">\n                            <!---->\n                            <!---->\n                            <div class=\"\">\n                              <p><span style=\"font-weight: 400; font-size: 16px; font-family: &quot;Open Sans&quot;; color: rgb(70, 112, 127);\">Er l\u00e4sst es sich nicht nehmen hin und wieder den Kugelschreiber gegen die Kelle auszutauschen.<\/span><\/p>\n                            <\/div>\n                          <\/div>\n                        <\/div>\n                      <\/div>\n                    <\/div>\n                  <\/div>\n                <\/div>\n              <\/div>\n            <\/div>\n          <\/div>\n          <div class=\"h-column h-column-container d-flex h-col-lg-4 h-col-md-6 h-col-12 style-1067-outer style-local-230-c16-outer\">\n            <div data-colibri-id=\"230-c16\" class=\"d-flex h-flex-basis h-column__inner h-px-lg-0 h-px-md-0 h-px-0 v-inner-lg-0 v-inner-md-0 v-inner-0 style-1067 style-local-230-c16 position-relative\">\n              <!---->\n              <!---->\n              <div class=\"w-100 h-y-container h-column__content h-column__v-align flex-basis-100 align-self-lg-start align-self-md-start align-self-start\">\n                <!---->\n                <div data-colibri-id=\"230-c17\" class=\"d-block style-1068 style-local-230-c17 position-relative h-element\">\n                  <!---->\n                  <div class=\"h-image__frame-container-outer\">\n                    <div class=\"h-image__frame-container\">\n                      <!---->\n                      <!---->\n                      <img decoding=\"async\" width=\"1668\" height=\"2500\" src=\"https:\/\/www.hartmann-verputztechnik.at\/2020\/wp-content\/uploads\/2021\/03\/L1090821.jpg\" class=\"wp-image-2679 style-1068-image style-local-230-c17-image\" alt=\"\" srcset=\"https:\/\/www.hartmann-verputztechnik.at\/2020\/wp-content\/uploads\/2021\/03\/L1090821.jpg 1668w, https:\/\/www.hartmann-verputztechnik.at\/2020\/wp-content\/uploads\/2021\/03\/L1090821-200x300.jpg 200w, https:\/\/www.hartmann-verputztechnik.at\/2020\/wp-content\/uploads\/2021\/03\/L1090821-683x1024.jpg 683w, https:\/\/www.hartmann-verputztechnik.at\/2020\/wp-content\/uploads\/2021\/03\/L1090821-768x1151.jpg 768w, https:\/\/www.hartmann-verputztechnik.at\/2020\/wp-content\/uploads\/2021\/03\/L1090821-1025x1536.jpg 1025w, https:\/\/www.hartmann-verputztechnik.at\/2020\/wp-content\/uploads\/2021\/03\/L1090821-1366x2048.jpg 1366w\" sizes=\"(max-width: 1668px) 100vw, 1668px\" \/>\n                      <div class=\"h-image__frame h-hide-lg h-hide-md h-hide-sm style-1068-frameImage style-local-230-c17-frameImage\"><\/div>\n                    <\/div>\n                  <\/div>\n                <\/div>\n                <div data-colibri-id=\"230-c18\" class=\"h-row-container gutters-row-lg-0 gutters-row-md-0 gutters-row-0 gutters-row-v-lg-0 gutters-row-v-md-0 gutters-row-v-0 style-1069 style-local-230-c18 position-relative\">\n                  <!---->\n                  <div class=\"h-row justify-content-lg-center justify-content-md-center justify-content-center align-items-lg-stretch align-items-md-stretch align-items-stretch gutters-col-lg-0 gutters-col-md-0 gutters-col-0 gutters-col-v-lg-0 gutters-col-v-md-0 gutters-col-v-0\">\n                    <!---->\n                    <div class=\"h-column h-column-container d-flex h-col-lg-auto h-col-md-auto h-col-auto style-1070-outer style-local-230-c19-outer\">\n                      <div data-colibri-id=\"230-c19\" class=\"d-flex h-flex-basis h-column__inner h-px-lg-2 h-px-md-2 h-px-2 v-inner-lg-2 v-inner-md-2 v-inner-2 style-1070 style-local-230-c19 position-relative\">\n                        <!---->\n                        <!---->\n                        <div class=\"w-100 h-y-container h-column__content h-column__v-align flex-basis-100 align-self-lg-start align-self-md-start align-self-start\">\n                          <!---->\n                          <div data-colibri-id=\"230-c20\" class=\"h-global-transition-all h-heading style-1071 style-local-230-c20 position-relative h-element\">\n                            <!---->\n                            <div class=\"h-heading__outer style-1071 style-local-230-c20\">\n                              <!---->\n                              <!---->\n                              <h4 class=\"\">Alois Hartmann<\/h4>\n                            <\/div>\n                          <\/div>\n                          <div data-colibri-id=\"230-c21\" class=\"h-text h-text-component style-1104 style-local-230-c21 position-relative h-element\">\n                            <!---->\n                            <!---->\n                            <div class=\"\">\n                              <p>Lagerchef<\/p>\n                            <\/div>\n                          <\/div>\n                          <div data-colibri-id=\"230-c22\" class=\"h-text h-text-component style-1072 style-local-230-c22 position-relative h-element\">\n                            <!---->\n                            <!---->\n                            <div class=\"\">\n                              <p><span style=\"font-weight: 400; font-size: 16px; font-family: &quot;Open Sans&quot;; color: rgb(70, 112, 127);\">Er steht noch nach \u00fcber 50 Jahren Bauerfahrung gerne mit Rat und Tat zur Seite und ist nicht wegzudenken f\u00fcr unser Team.<\/span><\/p>\n                            <\/div>\n                          <\/div>\n                        <\/div>\n                      <\/div>\n                    <\/div>\n                  <\/div>\n                <\/div>\n              <\/div>\n            <\/div>\n          <\/div>\n          <div class=\"h-column h-column-container d-flex h-col-lg-4 h-col-md-6 h-col-12 style-1067-outer style-local-230-c23-outer\">\n            <div data-colibri-id=\"230-c23\" class=\"d-flex h-flex-basis h-column__inner h-px-lg-0 h-px-md-0 h-px-0 v-inner-lg-0 v-inner-md-0 v-inner-0 style-1067 style-local-230-c23 position-relative\">\n              <!---->\n              <!---->\n              <div class=\"w-100 h-y-container h-column__content h-column__v-align flex-basis-100 align-self-lg-start align-self-md-start align-self-start\">\n                <!---->\n                <div data-colibri-id=\"230-c24\" class=\"d-block style-1068 style-local-230-c24 position-relative h-element\">\n                  <!---->\n                  <div class=\"h-image__frame-container-outer\">\n                    <div class=\"h-image__frame-container\">\n                      <!---->\n                      <!---->\n                      <img decoding=\"async\" width=\"1668\" height=\"2500\" src=\"https:\/\/www.hartmann-verputztechnik.at\/2020\/wp-content\/uploads\/2021\/03\/L1090842.jpg\" class=\"wp-image-2677 style-1068-image style-local-230-c24-image\" alt=\"\" srcset=\"https:\/\/www.hartmann-verputztechnik.at\/2020\/wp-content\/uploads\/2021\/03\/L1090842.jpg 1668w, https:\/\/www.hartmann-verputztechnik.at\/2020\/wp-content\/uploads\/2021\/03\/L1090842-200x300.jpg 200w, https:\/\/www.hartmann-verputztechnik.at\/2020\/wp-content\/uploads\/2021\/03\/L1090842-683x1024.jpg 683w, https:\/\/www.hartmann-verputztechnik.at\/2020\/wp-content\/uploads\/2021\/03\/L1090842-768x1151.jpg 768w, https:\/\/www.hartmann-verputztechnik.at\/2020\/wp-content\/uploads\/2021\/03\/L1090842-1025x1536.jpg 1025w, https:\/\/www.hartmann-verputztechnik.at\/2020\/wp-content\/uploads\/2021\/03\/L1090842-1366x2048.jpg 1366w\" sizes=\"(max-width: 1668px) 100vw, 1668px\" \/>\n                      <div class=\"h-image__frame h-hide-lg h-hide-md h-hide-sm style-1068-frameImage style-local-230-c24-frameImage\"><\/div>\n                    <\/div>\n                  <\/div>\n                <\/div>\n                <div data-colibri-id=\"230-c25\" class=\"h-row-container gutters-row-lg-0 gutters-row-md-0 gutters-row-0 gutters-row-v-lg-0 gutters-row-v-md-0 gutters-row-v-0 style-1069 style-local-230-c25 position-relative\">\n                  <!---->\n                  <div class=\"h-row justify-content-lg-center justify-content-md-center justify-content-center align-items-lg-stretch align-items-md-stretch align-items-stretch gutters-col-lg-0 gutters-col-md-0 gutters-col-0 gutters-col-v-lg-0 gutters-col-v-md-0 gutters-col-v-0\">\n                    <!---->\n                    <div class=\"h-column h-column-container d-flex h-col-lg-auto h-col-md-auto h-col-auto style-1070-outer style-local-230-c26-outer\">\n                      <div data-colibri-id=\"230-c26\" class=\"d-flex h-flex-basis h-column__inner h-px-lg-2 h-px-md-2 h-px-2 v-inner-lg-2 v-inner-md-2 v-inner-2 style-1070 style-local-230-c26 position-relative\">\n                        <!---->\n                        <!---->\n                        <div class=\"w-100 h-y-container h-column__content h-column__v-align flex-basis-100 align-self-lg-start align-self-md-start align-self-start\">\n                          <!---->\n                          <div data-colibri-id=\"230-c27\" class=\"h-global-transition-all h-heading style-1071 style-local-230-c27 position-relative h-element\">\n                            <!---->\n                            <div class=\"h-heading__outer style-1071 style-local-230-c27\">\n                              <!---->\n                              <!---->\n                              <h4 class=\"\">Sabrina Hartmann <\/h4>\n                            <\/div>\n                          <\/div>\n                          <div data-colibri-id=\"230-c28\" class=\"h-text h-text-component style-1104 style-local-230-c28 position-relative h-element\">\n                            <!---->\n                            <!---->\n                            <div class=\"\">\n                              <p>Administration<\/p>\n                            <\/div>\n                          <\/div>\n                          <div data-colibri-id=\"230-c29\" class=\"h-text h-text-component style-1072 style-local-230-c29 position-relative h-element\">\n                            <!---->\n                            <!---->\n                            <div class=\"\">\n                              <p>Hiflt auch gerne mal auf der Baustelle aus, wenn Not am Mann ist.<\/p>\n                            <\/div>\n                          <\/div>\n                        <\/div>\n                      <\/div>\n                    <\/div>\n                  <\/div>\n                <\/div>\n              <\/div>\n            <\/div>\n          <\/div>\n        <\/div>\n      <\/div>\n    <\/div>\n  <\/div>\n<\/div>","protected":false},"excerpt":{"rendered":"<p>\u201eHartmann\u201c Einer soliden Ausbildung als Maurer, damals schon mit einem Schwerpunkt in Verputzarbeiten, folgte die Ausbildung in der Bauhandwerkerschule. Nach Jahren der beruflichen Praxis und der F\u00fchrung eigener Partien, Aufstieg zum Bauleiter und sp\u00e4ter zum Bereichsleiter f\u00fcr Altbausanierung, Zu- und Umbauarbeiten. 2019 dann die Entscheidung selbst etwas zu unternehmen und der Schritt in die Selbstst\u00e4ndigkeit [&hellip;]<\/p>\n","protected":false},"author":1,"featured_media":0,"parent":0,"menu_order":0,"comment_status":"closed","ping_status":"closed","template":"page-templates\/full-width-page.php","meta":{"footnotes":""},"_links":{"self":[{"href":"https:\/\/www.hartmann-verputztechnik.at\/2020\/wp-json\/wp\/v2\/pages\/230"}],"collection":[{"href":"https:\/\/www.hartmann-verputztechnik.at\/2020\/wp-json\/wp\/v2\/pages"}],"about":[{"href":"https:\/\/www.hartmann-verputztechnik.at\/2020\/wp-json\/wp\/v2\/types\/page"}],"author":[{"embeddable":true,"href":"https:\/\/www.hartmann-verputztechnik.at\/2020\/wp-json\/wp\/v2\/users\/1"}],"replies":[{"embeddable":true,"href":"https:\/\/www.hartmann-verputztechnik.at\/2020\/wp-json\/wp\/v2\/comments?post=230"}],"version-history":[{"count":12,"href":"https:\/\/www.hartmann-verputztechnik.at\/2020\/wp-json\/wp\/v2\/pages\/230\/revisions"}],"predecessor-version":[{"id":2993,"href":"https:\/\/www.hartmann-verputztechnik.at\/2020\/wp-json\/wp\/v2\/pages\/230\/revisions\/2993"}],"wp:attachment":[{"href":"https:\/\/www.hartmann-verputztechnik.at\/2020\/wp-json\/wp\/v2\/media?parent=230"}],"curies":[{"name":"wp","href":"https:\/\/api.w.org\/{rel}","templated":true}]}}