{"id":1347,"date":"2020-10-09T09:01:03","date_gmt":"2020-10-09T09:01:03","guid":{"rendered":"https:\/\/www.hartmann-verputztechnik.at\/2020\/?page_id=1347"},"modified":"2021-02-17T22:01:42","modified_gmt":"2021-02-17T22:01:42","slug":"innenputz-2","status":"publish","type":"page","link":"https:\/\/www.hartmann-verputztechnik.at\/2020\/innenputz-2\/","title":{"rendered":"Innenputz"},"content":{"rendered":"<div data-colibri-id=\"1347-c1\" class=\"style-905 style-local-1347-c1 position-relative\">\n  <!---->\n  <div data-colibri-component=\"section\" data-colibri-id=\"1347-c6\" id=\"photo-gallery\" class=\"h-section h-section-global-spacing d-flex align-items-lg-center align-items-md-center align-items-center style-913 style-local-1347-c6 position-relative\">\n    <!---->\n    <!---->\n    <div class=\"h-section-grid-container h-section-boxed-container\">\n      <!---->\n      <div data-colibri-id=\"1347-c14\" class=\"h-row-container gutters-row-lg-2 gutters-row-md-2 gutters-row-0 gutters-row-v-lg-2 gutters-row-v-md-2 gutters-row-v-2 style-1159 style-local-1347-c14 position-relative\">\n        <!---->\n        <div class=\"h-row justify-content-lg-center justify-content-md-center justify-content-center align-items-lg-stretch align-items-md-stretch align-items-stretch gutters-col-lg-2 gutters-col-md-2 gutters-col-0 gutters-col-v-lg-2 gutters-col-v-md-2 gutters-col-v-2\">\n          <!---->\n          <div class=\"h-column h-column-container d-flex h-col-lg-auto h-col-md-auto h-col-auto style-1160-outer style-local-1347-c15-outer\">\n            <div data-colibri-id=\"1347-c15\" class=\"d-flex h-flex-basis h-column__inner h-px-lg-2 h-px-md-2 h-px-2 v-inner-lg-2 v-inner-md-2 v-inner-2 style-1160 style-local-1347-c15 position-relative\">\n              <!---->\n              <!---->\n              <div class=\"w-100 h-y-container h-column__content h-column__v-align flex-basis-100 align-self-lg-start align-self-md-start align-self-start\">\n                <!---->\n                <div data-colibri-id=\"1347-c16\" class=\"h-text h-text-component style-1161 style-local-1347-c16 position-relative h-element\">\n                  <!---->\n                  <!---->\n                  <div class=\"\">\n                    <p>Heutige Anforderungen sind eine malfertige, tapezierf\u00e4hige, v\u00f6llig ebene Fl\u00e4che oder die Erzeugung gewollter Strukturen. Das verwendete Material ist \u00f6kologisch vertr\u00e4glich, unterst\u00fctzt ein angenehmes Raumklima und erm\u00f6glicht vielf\u00e4ltige\n                      Gestaltungsweisen. Mit sicherem Gef\u00fchl und Fachkenntnis ber\u00e4t sie J\u00fcrgen Hartmann \u00fcber mineralischen Putz, bis hin zur Verwendung von Lehmputz, \u00fcber unterschiedliche Verfahren und verschiedene Produkteigenschaften.<\/p>\n                  <\/div>\n                <\/div>\n              <\/div>\n            <\/div>\n          <\/div>\n        <\/div>\n      <\/div>\n      <div data-colibri-id=\"1347-c7\" class=\"h-row-container gutters-row-lg-1 gutters-row-md-1 gutters-row-2 gutters-row-v-lg-1 gutters-row-v-md-1 gutters-row-v-2 style-914 style-local-1347-c7 position-relative\">\n        <!---->\n        <div class=\"h-row justify-content-lg-center justify-content-md-center justify-content-center align-items-lg-stretch align-items-md-stretch align-items-stretch gutters-col-lg-1 gutters-col-md-1 gutters-col-2 gutters-col-v-lg-1 gutters-col-v-md-1 gutters-col-v-2\">\n          <!---->\n          <div class=\"h-column h-column-container d-flex h-col-lg-auto h-col-md-auto h-col-auto style-915-outer style-local-1347-c8-outer\">\n            <div data-colibri-id=\"1347-c8\" class=\"d-flex h-flex-basis h-column__inner h-px-lg-1 h-px-md-1 h-px-2 v-inner-lg-1 v-inner-md-1 v-inner-2 style-915 style-local-1347-c8 position-relative\">\n              <!---->\n              <!---->\n              <div class=\"w-100 h-y-container h-column__content h-column__v-align flex-basis-100 align-self-lg-start align-self-md-start align-self-start\">\n                <!---->\n                <div data-colibri-component=\"\" data-colibri-id=\"1347-c9\" class=\"h-photo-gallery margin-none caption-displayTrue caption-vertical-align-top style-916 style-local-1347-c9 h-overflow-hidden position-relative h-element\">\n                  <!---->\n                  <div class=\"h-global-transition-all\"><div id='colibri-1347-c9' class='gallery-wrapper'>    <style type=\"text\/css\">\n\n        @media (min-width: 1023px) {        #colibri-1347-c9        dl {\n            float: left;\n            width: 25% !important;\n            max-width: 25% !important;\n            min-width: 25% !important;\n        }\n\n        #colibri-1347-c9        dl:nth-of-type(4n +1 ) {\n            clear: both;\n        }\n\n        }@media (min-width: 768px) and (max-width: 1023px) {        #colibri-1347-c9        dl {\n            float: left;\n            width: 25% !important;\n            max-width: 25% !important;\n            min-width: 25% !important;\n        }\n\n        #colibri-1347-c9        dl:nth-of-type(4n +1 ) {\n            clear: both;\n        }\n\n        }@media (max-width: 767px) {        #colibri-1347-c9        dl {\n            float: left;\n            width: 50% !important;\n            max-width: 50% !important;\n            min-width: 50% !important;\n        }\n\n        #colibri-1347-c9        dl:nth-of-type(2n +1 ) {\n            clear: both;\n        }\n\n        }\n        #colibri-1347-c9        .gallery-item {\n            position: relative;\n        }\n\n        \n    <\/style>\n    <div   class='colibri-1347-c9-dls-wrapper gallery-items-wrapper' ><dl class='gallery-item masonry-item'>\n\t\t\t<dt class='gallery-icon portrait'>\n\t\t\t\t<a data-fancybox=\"colibri-1347-c9-group\" href='https:\/\/www.hartmann-verputztechnik.at\/2020\/wp-content\/uploads\/2021\/02\/Innenputz-11-rotated.jpg'><img decoding=\"async\"  width=\"225\" height=\"300\" src=\"https:\/\/www.hartmann-verputztechnik.at\/2020\/wp-content\/uploads\/2021\/02\/Innenputz-11-225x300.jpg\"  class='colibri-1347-c9-image' alt=\"\" srcset=\"https:\/\/www.hartmann-verputztechnik.at\/2020\/wp-content\/uploads\/2021\/02\/Innenputz-11-225x300.jpg 225w, https:\/\/www.hartmann-verputztechnik.at\/2020\/wp-content\/uploads\/2021\/02\/Innenputz-11-rotated.jpg 480w\" sizes=\"(max-width: 225px) 100vw, 225px\" \/><\/a>\n\t\t\t<\/dt><\/dl><dl class='gallery-item masonry-item'>\n\t\t\t<dt class='gallery-icon portrait'>\n\t\t\t\t<a data-fancybox=\"colibri-1347-c9-group\" href='https:\/\/www.hartmann-verputztechnik.at\/2020\/wp-content\/uploads\/2021\/02\/Innenputz-10-rotated.jpg'><img decoding=\"async\"  width=\"225\" height=\"300\" src=\"https:\/\/www.hartmann-verputztechnik.at\/2020\/wp-content\/uploads\/2021\/02\/Innenputz-10-225x300.jpg\"  class='colibri-1347-c9-image' alt=\"\" srcset=\"https:\/\/www.hartmann-verputztechnik.at\/2020\/wp-content\/uploads\/2021\/02\/Innenputz-10-225x300.jpg 225w, https:\/\/www.hartmann-verputztechnik.at\/2020\/wp-content\/uploads\/2021\/02\/Innenputz-10-rotated.jpg 480w\" sizes=\"(max-width: 225px) 100vw, 225px\" \/><\/a>\n\t\t\t<\/dt><\/dl><dl class='gallery-item masonry-item'>\n\t\t\t<dt class='gallery-icon portrait'>\n\t\t\t\t<a data-fancybox=\"colibri-1347-c9-group\" href='https:\/\/www.hartmann-verputztechnik.at\/2020\/wp-content\/uploads\/2021\/02\/Innenputz-9-rotated.jpg'><img decoding=\"async\"  width=\"225\" height=\"300\" src=\"https:\/\/www.hartmann-verputztechnik.at\/2020\/wp-content\/uploads\/2021\/02\/Innenputz-9-225x300.jpg\"  class='colibri-1347-c9-image' alt=\"\" srcset=\"https:\/\/www.hartmann-verputztechnik.at\/2020\/wp-content\/uploads\/2021\/02\/Innenputz-9-225x300.jpg 225w, https:\/\/www.hartmann-verputztechnik.at\/2020\/wp-content\/uploads\/2021\/02\/Innenputz-9-rotated.jpg 480w\" sizes=\"(max-width: 225px) 100vw, 225px\" \/><\/a>\n\t\t\t<\/dt><\/dl><dl class='gallery-item masonry-item'>\n\t\t\t<dt class='gallery-icon portrait'>\n\t\t\t\t<a data-fancybox=\"colibri-1347-c9-group\" href='https:\/\/www.hartmann-verputztechnik.at\/2020\/wp-content\/uploads\/2021\/02\/Innenputz-8-rotated.jpg'><img decoding=\"async\"  width=\"225\" height=\"300\" src=\"https:\/\/www.hartmann-verputztechnik.at\/2020\/wp-content\/uploads\/2021\/02\/Innenputz-8-225x300.jpg\"  class='colibri-1347-c9-image' alt=\"\" srcset=\"https:\/\/www.hartmann-verputztechnik.at\/2020\/wp-content\/uploads\/2021\/02\/Innenputz-8-225x300.jpg 225w, https:\/\/www.hartmann-verputztechnik.at\/2020\/wp-content\/uploads\/2021\/02\/Innenputz-8-rotated.jpg 480w\" sizes=\"(max-width: 225px) 100vw, 225px\" \/><\/a>\n\t\t\t<\/dt><\/dl><dl class='gallery-item masonry-item'>\n\t\t\t<dt class='gallery-icon portrait'>\n\t\t\t\t<a data-fancybox=\"colibri-1347-c9-group\" href='https:\/\/www.hartmann-verputztechnik.at\/2020\/wp-content\/uploads\/2021\/02\/Innenputz-7-rotated.jpg'><img decoding=\"async\"  width=\"225\" height=\"300\" src=\"https:\/\/www.hartmann-verputztechnik.at\/2020\/wp-content\/uploads\/2021\/02\/Innenputz-7-225x300.jpg\"  class='colibri-1347-c9-image' alt=\"\" srcset=\"https:\/\/www.hartmann-verputztechnik.at\/2020\/wp-content\/uploads\/2021\/02\/Innenputz-7-225x300.jpg 225w, https:\/\/www.hartmann-verputztechnik.at\/2020\/wp-content\/uploads\/2021\/02\/Innenputz-7-rotated.jpg 480w\" sizes=\"(max-width: 225px) 100vw, 225px\" \/><\/a>\n\t\t\t<\/dt><\/dl><dl class='gallery-item masonry-item'>\n\t\t\t<dt class='gallery-icon portrait'>\n\t\t\t\t<a data-fancybox=\"colibri-1347-c9-group\" href='https:\/\/www.hartmann-verputztechnik.at\/2020\/wp-content\/uploads\/2021\/02\/Innenputz-6.jpg'><img decoding=\"async\"  width=\"225\" height=\"300\" src=\"https:\/\/www.hartmann-verputztechnik.at\/2020\/wp-content\/uploads\/2021\/02\/Innenputz-6-225x300.jpg\"  class='colibri-1347-c9-image' alt=\"\" srcset=\"https:\/\/www.hartmann-verputztechnik.at\/2020\/wp-content\/uploads\/2021\/02\/Innenputz-6-225x300.jpg 225w, https:\/\/www.hartmann-verputztechnik.at\/2020\/wp-content\/uploads\/2021\/02\/Innenputz-6.jpg 480w\" sizes=\"(max-width: 225px) 100vw, 225px\" \/><\/a>\n\t\t\t<\/dt><\/dl><dl class='gallery-item masonry-item'>\n\t\t\t<dt class='gallery-icon portrait'>\n\t\t\t\t<a data-fancybox=\"colibri-1347-c9-group\" href='https:\/\/www.hartmann-verputztechnik.at\/2020\/wp-content\/uploads\/2021\/02\/Innenputz-5-rotated.jpg'><img decoding=\"async\"  width=\"225\" height=\"300\" src=\"https:\/\/www.hartmann-verputztechnik.at\/2020\/wp-content\/uploads\/2021\/02\/Innenputz-5-225x300.jpg\"  class='colibri-1347-c9-image' alt=\"\" srcset=\"https:\/\/www.hartmann-verputztechnik.at\/2020\/wp-content\/uploads\/2021\/02\/Innenputz-5-225x300.jpg 225w, https:\/\/www.hartmann-verputztechnik.at\/2020\/wp-content\/uploads\/2021\/02\/Innenputz-5-rotated.jpg 480w\" sizes=\"(max-width: 225px) 100vw, 225px\" \/><\/a>\n\t\t\t<\/dt><\/dl><dl class='gallery-item masonry-item'>\n\t\t\t<dt class='gallery-icon portrait'>\n\t\t\t\t<a data-fancybox=\"colibri-1347-c9-group\" href='https:\/\/www.hartmann-verputztechnik.at\/2020\/wp-content\/uploads\/2021\/02\/Innenputz-4-rotated.jpg'><img decoding=\"async\"  width=\"225\" height=\"300\" src=\"https:\/\/www.hartmann-verputztechnik.at\/2020\/wp-content\/uploads\/2021\/02\/Innenputz-4-225x300.jpg\"  class='colibri-1347-c9-image' alt=\"\" srcset=\"https:\/\/www.hartmann-verputztechnik.at\/2020\/wp-content\/uploads\/2021\/02\/Innenputz-4-225x300.jpg 225w, https:\/\/www.hartmann-verputztechnik.at\/2020\/wp-content\/uploads\/2021\/02\/Innenputz-4-rotated.jpg 480w\" sizes=\"(max-width: 225px) 100vw, 225px\" \/><\/a>\n\t\t\t<\/dt><\/dl><dl class='gallery-item masonry-item'>\n\t\t\t<dt class='gallery-icon portrait'>\n\t\t\t\t<a data-fancybox=\"colibri-1347-c9-group\" href='https:\/\/www.hartmann-verputztechnik.at\/2020\/wp-content\/uploads\/2021\/02\/Innenputz-3.jpg'><img decoding=\"async\"  width=\"225\" height=\"300\" src=\"https:\/\/www.hartmann-verputztechnik.at\/2020\/wp-content\/uploads\/2021\/02\/Innenputz-3-225x300.jpg\"  class='colibri-1347-c9-image' alt=\"\" srcset=\"https:\/\/www.hartmann-verputztechnik.at\/2020\/wp-content\/uploads\/2021\/02\/Innenputz-3-225x300.jpg 225w, https:\/\/www.hartmann-verputztechnik.at\/2020\/wp-content\/uploads\/2021\/02\/Innenputz-3.jpg 480w\" sizes=\"(max-width: 225px) 100vw, 225px\" \/><\/a>\n\t\t\t<\/dt><\/dl><dl class='gallery-item masonry-item'>\n\t\t\t<dt class='gallery-icon portrait'>\n\t\t\t\t<a data-fancybox=\"colibri-1347-c9-group\" href='https:\/\/www.hartmann-verputztechnik.at\/2020\/wp-content\/uploads\/2021\/02\/Innenputz-2-rotated.jpg'><img decoding=\"async\"  width=\"225\" height=\"300\" src=\"https:\/\/www.hartmann-verputztechnik.at\/2020\/wp-content\/uploads\/2021\/02\/Innenputz-2-225x300.jpg\"  class='colibri-1347-c9-image' alt=\"\" srcset=\"https:\/\/www.hartmann-verputztechnik.at\/2020\/wp-content\/uploads\/2021\/02\/Innenputz-2-225x300.jpg 225w, https:\/\/www.hartmann-verputztechnik.at\/2020\/wp-content\/uploads\/2021\/02\/Innenputz-2-rotated.jpg 480w\" sizes=\"(max-width: 225px) 100vw, 225px\" \/><\/a>\n\t\t\t<\/dt><\/dl><dl class='gallery-item masonry-item'>\n\t\t\t<dt class='gallery-icon portrait'>\n\t\t\t\t<a data-fancybox=\"colibri-1347-c9-group\" href='https:\/\/www.hartmann-verputztechnik.at\/2020\/wp-content\/uploads\/2021\/02\/Innenputz-1-rotated.jpg'><img decoding=\"async\"  width=\"225\" height=\"300\" src=\"https:\/\/www.hartmann-verputztechnik.at\/2020\/wp-content\/uploads\/2021\/02\/Innenputz-1-225x300.jpg\"  class='colibri-1347-c9-image' alt=\"\" srcset=\"https:\/\/www.hartmann-verputztechnik.at\/2020\/wp-content\/uploads\/2021\/02\/Innenputz-1-225x300.jpg 225w, https:\/\/www.hartmann-verputztechnik.at\/2020\/wp-content\/uploads\/2021\/02\/Innenputz-1-rotated.jpg 480w\" sizes=\"(max-width: 225px) 100vw, 225px\" \/><\/a>\n\t\t\t<\/dt><\/dl><dl class='gallery-item masonry-item'>\n\t\t\t<dt class='gallery-icon landscape'>\n\t\t\t\t<a data-fancybox=\"colibri-1347-c9-group\" href='https:\/\/www.hartmann-verputztechnik.at\/2020\/wp-content\/uploads\/2021\/02\/Innenputz-12.jpg'><img decoding=\"async\"  width=\"300\" height=\"225\" src=\"https:\/\/www.hartmann-verputztechnik.at\/2020\/wp-content\/uploads\/2021\/02\/Innenputz-12-300x225.jpg\"  class='colibri-1347-c9-image' alt=\"\" srcset=\"https:\/\/www.hartmann-verputztechnik.at\/2020\/wp-content\/uploads\/2021\/02\/Innenputz-12-300x225.jpg 300w, https:\/\/www.hartmann-verputztechnik.at\/2020\/wp-content\/uploads\/2021\/02\/Innenputz-12.jpg 640w\" sizes=\"(max-width: 300px) 100vw, 300px\" \/><\/a>\n\t\t\t<\/dt><\/dl>\n\t\t<\/div>\n<style>#colibri-1347-c9 .wp-caption-text.gallery-caption{display:none;}<\/style><\/div><\/div>\n                <\/div>\n              <\/div>\n            <\/div>\n          <\/div>\n        <\/div>\n      <\/div>\n    <\/div>\n  <\/div>\n<\/div>","protected":false},"excerpt":{"rendered":"<p>Heutige Anforderungen sind eine malfertige, tapezierf\u00e4hige, v\u00f6llig ebene Fl\u00e4che oder die Erzeugung gewollter Strukturen. Das verwendete Material ist \u00f6kologisch vertr\u00e4glich, unterst\u00fctzt ein angenehmes Raumklima und erm\u00f6glicht vielf\u00e4ltige Gestaltungsweisen. Mit sicherem Gef\u00fchl und Fachkenntnis ber\u00e4t sie J\u00fcrgen Hartmann \u00fcber mineralischen Putz, bis hin zur Verwendung von Lehmputz, \u00fcber unterschiedliche Verfahren und verschiedene Produkteigenschaften.<\/p>\n","protected":false},"author":1,"featured_media":0,"parent":0,"menu_order":0,"comment_status":"closed","ping_status":"closed","template":"page-templates\/full-width-page.php","meta":{"footnotes":""},"_links":{"self":[{"href":"https:\/\/www.hartmann-verputztechnik.at\/2020\/wp-json\/wp\/v2\/pages\/1347"}],"collection":[{"href":"https:\/\/www.hartmann-verputztechnik.at\/2020\/wp-json\/wp\/v2\/pages"}],"about":[{"href":"https:\/\/www.hartmann-verputztechnik.at\/2020\/wp-json\/wp\/v2\/types\/page"}],"author":[{"embeddable":true,"href":"https:\/\/www.hartmann-verputztechnik.at\/2020\/wp-json\/wp\/v2\/users\/1"}],"replies":[{"embeddable":true,"href":"https:\/\/www.hartmann-verputztechnik.at\/2020\/wp-json\/wp\/v2\/comments?post=1347"}],"version-history":[{"count":20,"href":"https:\/\/www.hartmann-verputztechnik.at\/2020\/wp-json\/wp\/v2\/pages\/1347\/revisions"}],"predecessor-version":[{"id":2477,"href":"https:\/\/www.hartmann-verputztechnik.at\/2020\/wp-json\/wp\/v2\/pages\/1347\/revisions\/2477"}],"wp:attachment":[{"href":"https:\/\/www.hartmann-verputztechnik.at\/2020\/wp-json\/wp\/v2\/media?parent=1347"}],"curies":[{"name":"wp","href":"https:\/\/api.w.org\/{rel}","templated":true}]}}