{"id":1036,"date":"2019-03-06T11:56:40","date_gmt":"2019-03-06T11:56:40","guid":{"rendered":"https:\/\/colibriwp-work.colibriwp.com\/business-ii\/colibri-wp\/"},"modified":"2026-01-20T09:24:59","modified_gmt":"2026-01-20T09:24:59","slug":"colibri-wp","status":"publish","type":"page","link":"https:\/\/www.hartmann-verputztechnik.at\/2020\/","title":{"rendered":"Front Page"},"content":{"rendered":"<div data-colibri-id=\"1036-c1\" class=\"style-395 style-local-1036-c1 position-relative\">\r\n  <!---->\r\n  <div data-colibri-component=\"section\" data-colibri-id=\"1036-c2\" id=\"custom\" class=\"h-section h-section-global-spacing d-flex align-items-lg-center align-items-md-center align-items-center style-411 style-local-1036-c2 position-relative\">\r\n    <!---->\r\n    <!---->\r\n    <div class=\"h-section-grid-container h-section-fluid-container\">\r\n      <!---->\r\n      <div data-colibri-id=\"1036-c3\" class=\"h-row-container gutters-row-lg-2 gutters-row-md-2 gutters-row-0 gutters-row-v-lg-2 gutters-row-v-md-2 gutters-row-v-2 style-832 style-local-1036-c3 position-relative\">\r\n        <!---->\r\n        <div class=\"h-row justify-content-lg-center justify-content-md-center justify-content-center align-items-lg-stretch align-items-md-stretch align-items-stretch gutters-col-lg-2 gutters-col-md-2 gutters-col-0 gutters-col-v-lg-2 gutters-col-v-md-2 gutters-col-v-2\">\r\n          <!---->\r\n          <div class=\"h-column h-column-container d-flex h-col-lg-auto h-col-md-auto h-col-auto style-833-outer style-local-1036-c4-outer\">\r\n            <div data-colibri-id=\"1036-c4\" class=\"d-flex h-flex-basis h-column__inner h-px-lg-2 h-px-md-2 h-px-2 v-inner-lg-2 v-inner-md-2 v-inner-2 style-833 style-local-1036-c4 position-relative\">\r\n              <!---->\r\n              <!---->\r\n              <div class=\"w-100 h-y-container h-column__content h-column__v-align flex-basis-100 align-self-lg-start align-self-md-start align-self-start\">\r\n                <!---->\r\n                <div data-colibri-id=\"1036-c5\" class=\"h-global-transition-all h-heading style-835 style-local-1036-c5 position-relative h-element\">\r\n                  <!---->\r\n                  <div class=\"h-heading__outer style-835 style-local-1036-c5\">\r\n                    <!---->\r\n                    <!---->\r\n                    <h1 class=\"\">Unser Service<\/h1>\r\n                  <\/div>\r\n                <\/div>\r\n              <\/div>\r\n            <\/div>\r\n          <\/div>\r\n        <\/div>\r\n      <\/div>\r\n      <div data-colibri-id=\"1036-c6\" class=\"h-row-container gutters-row-lg-2 gutters-row-md-2 gutters-row-0 gutters-row-v-lg-2 gutters-row-v-md-2 gutters-row-v-2 style-412 style-local-1036-c6 position-relative\">\r\n        <!---->\r\n        <div class=\"h-row justify-content-lg-center justify-content-md-center justify-content-center align-items-lg-stretch align-items-md-stretch align-items-stretch gutters-col-lg-2 gutters-col-md-2 gutters-col-0 gutters-col-v-lg-2 gutters-col-v-md-2 gutters-col-v-2\">\r\n          <!---->\r\n          <div class=\"h-column h-column-container d-flex h-col-lg-4 h-col-md-4 h-col-12 style-839-outer style-local-1036-c7-outer\">\r\n            <div data-colibri-id=\"1036-c7\" class=\"d-flex h-flex-basis h-column__inner h-px-lg-2 h-px-md-2 h-px-2 v-inner-lg-2 v-inner-md-2 v-inner-2 style-839 style-local-1036-c7 position-relative\">\r\n              <!---->\r\n              <!---->\r\n              <div class=\"w-100 h-y-container h-column__content h-column__v-align flex-basis-100 align-self-lg-start align-self-md-start align-self-start\">\r\n                <!---->\r\n                <div data-colibri-id=\"1036-c8\" data-aos=\"zoomIn\" class=\"d-block style-840 style-local-1036-c8 position-relative h-element\">\r\n                  <!---->\r\n                  <div class=\"h-image__frame-container-outer\">\r\n                    <a href=\"?page_id=1347\" h-use-smooth-scroll=\"true\" class=\"image-link\">\r\n                      <div class=\"h-image__frame-container\">\r\n                        <!---->\r\n                        <!---->\r\n                        <img decoding=\"async\" width=\"567\" height=\"355\" src=\"https:\/\/www.hartmann-verputztechnik.at\/2020\/wp-content\/uploads\/2020\/10\/Innenputz.png\" class=\"wp-image-1235 style-840-image style-local-1036-c8-image\" alt=\"\" srcset=\"https:\/\/www.hartmann-verputztechnik.at\/2020\/wp-content\/uploads\/2020\/10\/Innenputz.png 567w, https:\/\/www.hartmann-verputztechnik.at\/2020\/wp-content\/uploads\/2020\/10\/Innenputz-300x188.png 300w\" sizes=\"(max-width: 567px) 100vw, 567px\" \/>\r\n                        <div class=\"h-image__frame h-hide-lg h-hide-md h-hide-sm style-840-frameImage style-local-1036-c8-frameImage\"><\/div>\r\n                      <\/div>\r\n                    <\/a>\r\n                  <\/div>\r\n                <\/div>\r\n                <div data-colibri-id=\"1036-c9\" class=\"h-global-transition-all h-heading style-868 style-local-1036-c9 position-relative h-element\">\r\n                  <!---->\r\n                  <div class=\"h-heading__outer style-868 style-local-1036-c9\">\r\n                    <!---->\r\n                    <!---->\r\n                    <a href=\"?page_id=1347\" h-use-smooth-scroll=\"true\">\r\n                      <h3 class=\"\">Innenputz<\/h3>\r\n                    <\/a>\r\n                  <\/div>\r\n                <\/div>\r\n                <div data-colibri-id=\"1036-c10\" class=\"h-text h-text-component style-848 style-local-1036-c10 position-relative h-element\">\r\n                  <!---->\r\n                  <!---->\r\n                  <div class=\"\">\r\n                    <p>Heutige Anforderungen sind eine malfertige, tapezierf\u00e4hige, v\u00f6llig ebene Fl\u00e4che oder die Erzeugung gewollter Strukturen. Das verwendete Material ist \u00f6kologisch vertr\u00e4glich, unterst\u00fctzt ein angenehmes Raumklima und erm\u00f6glicht vielf\u00e4ltige\r\n                      Gestaltungsweisen. Mit sicherem Gef\u00fchl und Fachkenntnis ber\u00e4t sie J\u00fcrgen Hartmann \u00fcber mineralischen Putz, bis hin zur Verwendung von Lehmputz, \u00fcber unterschiedliche Verfahren und verschiedene Produkteigenschaften.<\/p>\r\n                  <\/div>\r\n                <\/div>\r\n              <\/div>\r\n            <\/div>\r\n          <\/div>\r\n          <div class=\"h-column h-column-container d-flex h-col-lg-4 h-col-md-4 h-col-12 style-839-outer style-local-1036-c11-outer\">\r\n            <div data-colibri-id=\"1036-c11\" class=\"d-flex h-flex-basis h-column__inner h-px-lg-2 h-px-md-2 h-px-2 v-inner-lg-2 v-inner-md-2 v-inner-2 style-839 style-local-1036-c11 position-relative\">\r\n              <!---->\r\n              <!---->\r\n              <div class=\"w-100 h-y-container h-column__content h-column__v-align flex-basis-100 align-self-lg-start align-self-md-start align-self-start\">\r\n                <!---->\r\n                <div data-colibri-id=\"1036-c12\" data-aos=\"zoomIn\" class=\"d-block style-840 style-local-1036-c12 position-relative h-element\">\r\n                  <!---->\r\n                  <div class=\"h-image__frame-container-outer\">\r\n                    <a href=\"?page_id=1351\" h-use-smooth-scroll=\"true\" class=\"image-link\">\r\n                      <div class=\"h-image__frame-container\">\r\n                        <!---->\r\n                        <!---->\r\n                        <img decoding=\"async\" width=\"567\" height=\"355\" src=\"https:\/\/www.hartmann-verputztechnik.at\/2020\/wp-content\/uploads\/2020\/10\/Aussenverputz-1.png\" class=\"wp-image-1239 style-840-image style-local-1036-c12-image\" alt=\"\" srcset=\"https:\/\/www.hartmann-verputztechnik.at\/2020\/wp-content\/uploads\/2020\/10\/Aussenverputz-1.png 567w, https:\/\/www.hartmann-verputztechnik.at\/2020\/wp-content\/uploads\/2020\/10\/Aussenverputz-1-300x188.png 300w\" sizes=\"(max-width: 567px) 100vw, 567px\" \/>\r\n                        <div class=\"h-image__frame h-hide-lg h-hide-md h-hide-sm style-840-frameImage style-local-1036-c12-frameImage\"><\/div>\r\n                      <\/div>\r\n                    <\/a>\r\n                  <\/div>\r\n                <\/div>\r\n                <div data-colibri-id=\"1036-c13\" class=\"h-global-transition-all h-heading style-868 style-local-1036-c13 position-relative h-element\">\r\n                  <!---->\r\n                  <div class=\"h-heading__outer style-868 style-local-1036-c13\">\r\n                    <!---->\r\n                    <!---->\r\n                    <a href=\"?page_id=1351\" h-use-smooth-scroll=\"true\">\r\n                      <h3 class=\"\">Grund- und Au\u00dfenputz<\/h3>\r\n                    <\/a>\r\n                  <\/div>\r\n                <\/div>\r\n                <div data-colibri-id=\"1036-c14\" class=\"h-text h-text-component style-848 style-local-1036-c14 position-relative h-element\">\r\n                  <!---->\r\n                  <!---->\r\n                  <div class=\"\">\r\n                    <p>Das Wissen um Best\u00e4ndigkeit, Aufnahme- und Abgabef\u00e4higkeit von Wasser und der dichte Abschluss gegen Wind und K\u00e4lte ist \u00fcber die Jahrhunderte gereift und weiterentwickelt worden. Das Angebot auf dem Markt ist, hinsichtlich Farben,\r\n                      Materialbeschaffenheit, wie Struktur, K\u00f6rnung und speziellen Eigenschaften, so umfangreich wie nie zuvor. Verlassen Sie sich auf den reichen Erfahrungsschatz von Hartmann Verputztechnik. Ihre Gestaltungsw\u00fcnsche werden gerne umgesetzt.<\/p>\r\n                  <\/div>\r\n                <\/div>\r\n              <\/div>\r\n            <\/div>\r\n          <\/div>\r\n        <\/div>\r\n      <\/div>\r\n      <div data-colibri-id=\"1036-c15\" class=\"h-row-container gutters-row-lg-2 gutters-row-md-2 gutters-row-0 gutters-row-v-lg-2 gutters-row-v-md-2 gutters-row-v-2 style-412 style-local-1036-c15 position-relative\">\r\n        <!---->\r\n        <div class=\"h-row justify-content-lg-center justify-content-md-center justify-content-center align-items-lg-stretch align-items-md-stretch align-items-stretch gutters-col-lg-2 gutters-col-md-2 gutters-col-0 gutters-col-v-lg-2 gutters-col-v-md-2 gutters-col-v-2\">\r\n          <!---->\r\n          <div class=\"h-column h-column-container d-flex h-col-lg-4 h-col-md-4 h-col-12 style-839-outer style-local-1036-c16-outer\">\r\n            <div data-colibri-id=\"1036-c16\" class=\"d-flex h-flex-basis h-column__inner h-px-lg-2 h-px-md-2 h-px-2 v-inner-lg-2 v-inner-md-2 v-inner-2 style-839 style-local-1036-c16 position-relative\">\r\n              <!---->\r\n              <!---->\r\n              <div class=\"w-100 h-y-container h-column__content h-column__v-align flex-basis-100 align-self-lg-start align-self-md-start align-self-start\">\r\n                <!---->\r\n                <div data-colibri-id=\"1036-c17\" data-aos=\"zoomIn\" class=\"d-block style-840 style-local-1036-c17 position-relative h-element\">\r\n                  <!---->\r\n                  <div class=\"h-image__frame-container-outer\">\r\n                    <a href=\"?page_id=1353\" h-use-smooth-scroll=\"true\" class=\"image-link\">\r\n                      <div class=\"h-image__frame-container\">\r\n                        <!---->\r\n                        <!---->\r\n                        <img decoding=\"async\" width=\"567\" height=\"355\" src=\"https:\/\/www.hartmann-verputztechnik.at\/2020\/wp-content\/uploads\/2020\/10\/Waermedaemmfassade.png\" class=\"wp-image-1241 style-840-image style-local-1036-c17-image\" alt=\"\" srcset=\"https:\/\/www.hartmann-verputztechnik.at\/2020\/wp-content\/uploads\/2020\/10\/Waermedaemmfassade.png 567w, https:\/\/www.hartmann-verputztechnik.at\/2020\/wp-content\/uploads\/2020\/10\/Waermedaemmfassade-300x188.png 300w\" sizes=\"(max-width: 567px) 100vw, 567px\" \/>\r\n                        <div class=\"h-image__frame h-hide-lg h-hide-md h-hide-sm style-840-frameImage style-local-1036-c17-frameImage\"><\/div>\r\n                      <\/div>\r\n                    <\/a>\r\n                  <\/div>\r\n                <\/div>\r\n                <div data-colibri-id=\"1036-c18\" class=\"h-global-transition-all h-heading style-868 style-local-1036-c18 position-relative h-element\">\r\n                  <!---->\r\n                  <div class=\"h-heading__outer style-868 style-local-1036-c18\">\r\n                    <!---->\r\n                    <!---->\r\n                    <a href=\"?page_id=1353\" h-use-smooth-scroll=\"true\">\r\n                      <h3 class=\"\">W\u00e4rmed\u00e4mmfassaden<\/h3>\r\n                    <\/a>\r\n                  <\/div>\r\n                <\/div>\r\n                <div data-colibri-id=\"1036-c19\" class=\"h-text h-text-component style-848 style-local-1036-c19 position-relative h-element\">\r\n                  <!---->\r\n                  <!---->\r\n                  <div class=\"\">\r\n                    <p>Auf Basis eines Energieausweises wird eine D\u00e4mmung in der berechneten St\u00e4rke aus den unterschiedlichsten Materialien vom EPS-, Kork-, Steinwoll- bis hin zum Hanfprodukt auf die Tragkonstruktion montiert. Unabh\u00e4ngig davon ob diese Konstruktion\r\n                      aus Beton, Ziegel, Stein oder Holz besteht. Darauf wird als Tr\u00e4germaterial ein sogenannter Grundputz aufgebracht, der mit einem Fein- oder Strukturputz fertig gestellt wird. Hinsichtlich der Gestaltung steht eine gro\u00dfe Vielfalt zur\r\n                      Verf\u00fcgung.<\/p>\r\n                  <\/div>\r\n                <\/div>\r\n              <\/div>\r\n            <\/div>\r\n          <\/div>\r\n          <div class=\"h-column h-column-container d-flex h-col-lg-4 h-col-md-4 h-col-12 style-839-outer style-local-1036-c20-outer\">\r\n            <div data-colibri-id=\"1036-c20\" class=\"d-flex h-flex-basis h-column__inner h-px-lg-2 h-px-md-2 h-px-2 v-inner-lg-2 v-inner-md-2 v-inner-2 style-839 style-local-1036-c20 position-relative\">\r\n              <!---->\r\n              <!---->\r\n              <div class=\"w-100 h-y-container h-column__content h-column__v-align flex-basis-100 align-self-lg-start align-self-md-start align-self-start\">\r\n                <!---->\r\n                <div data-colibri-id=\"1036-c21\" data-aos=\"zoomIn\" class=\"d-block style-840 style-local-1036-c21 position-relative h-element\">\r\n                  <!---->\r\n                  <div class=\"h-image__frame-container-outer\">\r\n                    <a href=\"?page_id=1355\" h-use-smooth-scroll=\"true\" class=\"image-link\">\r\n                      <div class=\"h-image__frame-container\">\r\n                        <!---->\r\n                        <!---->\r\n                        <img decoding=\"async\" width=\"567\" height=\"355\" src=\"https:\/\/www.hartmann-verputztechnik.at\/2020\/wp-content\/uploads\/2020\/10\/Fassadenerneuerung.png\" class=\"wp-image-1243 style-840-image style-local-1036-c21-image\" alt=\"\" srcset=\"https:\/\/www.hartmann-verputztechnik.at\/2020\/wp-content\/uploads\/2020\/10\/Fassadenerneuerung.png 567w, https:\/\/www.hartmann-verputztechnik.at\/2020\/wp-content\/uploads\/2020\/10\/Fassadenerneuerung-300x188.png 300w\" sizes=\"(max-width: 567px) 100vw, 567px\" \/>\r\n                        <div class=\"h-image__frame h-hide-lg h-hide-md h-hide-sm style-840-frameImage style-local-1036-c21-frameImage\"><\/div>\r\n                      <\/div>\r\n                    <\/a>\r\n                  <\/div>\r\n                <\/div>\r\n                <div data-colibri-id=\"1036-c22\" class=\"h-global-transition-all h-heading style-868 style-local-1036-c22 position-relative h-element\">\r\n                  <!---->\r\n                  <div class=\"h-heading__outer style-868 style-local-1036-c22\">\r\n                    <!---->\r\n                    <!---->\r\n                    <a href=\"?page_id=1355\" h-use-smooth-scroll=\"true\">\r\n                      <h3 class=\"\">Altbausanierung, Zu- und Umbauten<\/h3>\r\n                    <\/a>\r\n                  <\/div>\r\n                <\/div>\r\n                <div data-colibri-id=\"1036-c23\" class=\"h-text h-text-component style-848 style-local-1036-c23 position-relative h-element\">\r\n                  <!---->\r\n                  <!---->\r\n                  <div class=\"\">\r\n                    <p>Ob ein feuchter Keller nach einem besonderen Verputz verlangt, Putze nach historischem Vorbild gefordert sind oder Fl\u00e4chen einfach erneuert werden m\u00fcssen, bei Hartmann Verputztechnik sind sie an der richtigen Adresse. In diesen Situationen\r\n                      helfen Praxiserfahrung und ein Netzwerk an erprobten Handwerkern.<\/p>\r\n                  <\/div>\r\n                <\/div>\r\n              <\/div>\r\n            <\/div>\r\n          <\/div>\r\n        <\/div>\r\n      <\/div>\r\n    <\/div>\r\n  <\/div>\r\n  <div data-colibri-component=\"section\" data-colibri-id=\"1036-c24\" id=\"content\" class=\"h-section h-section-global-spacing d-flex align-items-lg-center align-items-md-center align-items-center style-421 style-local-1036-c24 position-relative\">\r\n    <!---->\r\n    <!---->\r\n    <div class=\"h-section-grid-container h-section-boxed-container\">\r\n      <!---->\r\n      <div data-colibri-id=\"1036-c25\" class=\"h-row-container gutters-row-lg-2 gutters-row-md-2 gutters-row-0 gutters-row-v-lg-2 gutters-row-v-md-2 gutters-row-v-2 style-851 style-local-1036-c25 position-relative\">\r\n        <!---->\r\n        <div class=\"h-row justify-content-lg-center justify-content-md-center justify-content-center align-items-lg-stretch align-items-md-stretch align-items-stretch gutters-col-lg-2 gutters-col-md-2 gutters-col-0 gutters-col-v-lg-2 gutters-col-v-md-2 gutters-col-v-2\">\r\n          <!---->\r\n          <div class=\"h-column h-column-container d-flex h-col-lg-auto h-col-md-auto h-col-auto style-852-outer style-local-1036-c26-outer\">\r\n            <div data-colibri-id=\"1036-c26\" class=\"d-flex h-flex-basis h-column__inner h-px-lg-2 h-px-md-2 h-px-2 v-inner-lg-2 v-inner-md-2 v-inner-2 style-852 style-local-1036-c26 position-relative\">\r\n              <!---->\r\n              <!---->\r\n              <div class=\"w-100 h-y-container h-column__content h-column__v-align flex-basis-100 align-self-lg-start align-self-md-start align-self-start\">\r\n                <!---->\r\n                <div data-colibri-id=\"1036-c27\" class=\"h-text h-text-component style-853 style-local-1036-c27 position-relative h-element\">\r\n                  <!---->\r\n                  <!---->\r\n                  <div class=\"\">\r\n                    <p>\u201eHartmann\u201c<\/p>\r\n                    <p>\r\n                      <br>\r\n                    <\/p>\r\n                    <p>Einer soliden Ausbildung als Maurer, damals schon mit einem Schwerpunkt in Verputzarbeiten, folgte die Ausbildung in der Bauhandwerkerschule. Nach Jahren der beruflichen Praxis und der F\u00fchrung eigener Partien, Aufstieg zum Bauleiter\r\n                      und sp\u00e4ter zum Bereichsleiter f\u00fcr Altbausanierung, Zu- und Umbauarbeiten. 2019 dann die Entscheidung selbst etwas zu unternehmen und der Schritt in die Selbstst\u00e4ndigkeit zu tun.<\/p>\r\n                    <p>\r\n                      <br>\r\n                    <\/p>\r\n                    <p>\r\n                      <br>\r\n                    <\/p>\r\n                    <p>\u201eDer Praktiker und sein Team\u201c<\/p>\r\n                    <p>\r\n                      <br>\r\n                    <\/p>\r\n                    <p>J\u00fcrgen Hartmann ist ein Mann der Praxis mit einem Auge f\u00fcr das Detail. Als ausgezeichneter Fachmann ist er nicht nur Ansprechpartner f\u00fcr private Neubauten und Sanierungen, sondern nach Ausbildungsmodulen des Bundesdenkmalamtes auch\r\n                      Verputzspezialist in der Restaurierung. Raphael Frick und Hyusein Sali aus seinem Team sind dabei eingespielte Partner.<\/p>\r\n                    <h3>\r\n                      <br>\r\n                    <\/h3>\r\n                    <p>\r\n                      <br>\r\n                    <\/p>\r\n                  <\/div>\r\n                <\/div>\r\n              <\/div>\r\n            <\/div>\r\n          <\/div>\r\n        <\/div>\r\n      <\/div>\r\n    <\/div>\r\n  <\/div>\r\n  <div data-colibri-component=\"section\" data-colibri-id=\"1036-c28\" id=\"content-2\" class=\"h-section h-section-global-spacing d-flex align-items-lg-center align-items-md-center align-items-center style-430 style-local-1036-c28 position-relative\">\r\n    <!---->\r\n    <!---->\r\n    <div class=\"h-section-grid-container h-section-boxed-container\">\r\n      <!---->\r\n      <div data-colibri-id=\"1036-c29\" class=\"h-row-container gutters-row-lg-2 gutters-row-md-2 gutters-row-2 gutters-row-v-lg-2 gutters-row-v-md-2 gutters-row-v-2 style-431 style-local-1036-c29 position-relative\">\r\n        <!---->\r\n        <div class=\"h-row justify-content-lg-center justify-content-md-center justify-content-center align-items-lg-stretch align-items-md-stretch align-items-stretch gutters-col-lg-2 gutters-col-md-2 gutters-col-2 gutters-col-v-lg-2 gutters-col-v-md-2 gutters-col-v-2\">\r\n          <!---->\r\n          <div class=\"h-column h-column-container d-flex h-col-lg-auto h-col-md-auto h-col-auto style-432-outer style-local-1036-c30-outer\">\r\n            <div data-colibri-id=\"1036-c30\" class=\"d-flex h-flex-basis h-column__inner h-px-lg-0 h-px-md-0 h-px-0 v-inner-lg-0 v-inner-md-0 v-inner-0 style-432 style-local-1036-c30 position-relative\">\r\n              <!---->\r\n              <!---->\r\n              <div class=\"w-100 h-y-container h-column__content h-column__v-align flex-basis-100 align-self-lg-center align-self-md-center align-self-center\">\r\n                <!---->\r\n                <div data-colibri-id=\"1036-c31\" class=\"h-global-transition-all h-heading style-447 style-local-1036-c31 position-relative h-element\">\r\n                  <!---->\r\n                  <div class=\"h-heading__outer style-447 style-local-1036-c31\">\r\n                    <!---->\r\n                    <!---->\r\n                    <h5 class=\"\">Holen Sie sich Ihr Angebot<\/h5>\r\n                  <\/div>\r\n                <\/div>\r\n                <div data-colibri-id=\"1036-c32\" class=\"h-global-transition-all h-heading style-433 style-local-1036-c32 position-relative h-element\">\r\n                  <!---->\r\n                  <div class=\"h-heading__outer style-433 style-local-1036-c32\">\r\n                    <!---->\r\n                    <!---->\r\n                    <h2 class=\"\">\u201eBasis einer Zusammenarbeit\u201c<\/h2>\r\n                  <\/div>\r\n                <\/div>\r\n                <div data-colibri-id=\"1036-c33\" class=\"h-text h-text-component style-434 style-local-1036-c33 position-relative h-element\">\r\n                  <!---->\r\n                  <!---->\r\n                  <div class=\"\">\r\n                    <p>Fundierte Beratung, eine termingerechte und eine qualitativ hochwertige Ausf\u00fchrung sind f\u00fcr ihn Basis f\u00fcr eine Zusammenarbeit. Handschlagqualit\u00e4t und Fairness sind Werte, die er f\u00fcr sich fordert und von seinen Kunden erwartet.<\/p>\r\n                  <\/div>\r\n                <\/div>\r\n              <\/div>\r\n            <\/div>\r\n          <\/div>\r\n          <div class=\"h-column h-column-container d-flex h-col-lg-auto h-col-md-auto h-col-auto style-881-outer style-local-1036-c34-outer\">\r\n            <div data-colibri-id=\"1036-c34\" class=\"d-flex h-flex-basis h-column__inner h-px-lg-2 h-px-md-2 h-px-2 v-inner-lg-2 v-inner-md-2 v-inner-2 style-881 style-local-1036-c34 position-relative\">\r\n              <!---->\r\n              <!---->\r\n              <div class=\"w-100 h-y-container h-column__content h-column__v-align flex-basis-100 align-self-lg-start align-self-md-start align-self-start\">\r\n                <!---->\r\n                <div data-colibri-id=\"1036-c35\" class=\"h-map style-882 style-local-1036-c35 position-relative h-element\" style=\"overflow: hidden;\">\r\n                  <!---->\r\n                  <iframe src=\"https:\/\/www.google.com\/maps\/embed\/v1\/place?q=Poltisgasse%209a,%206833%20Klaus&amp;zoom=10&amp;key=\" class=\"map-iframe\"><\/iframe>\r\n                <\/div>\r\n              <\/div>\r\n            <\/div>\r\n          <\/div>\r\n        <\/div>\r\n      <\/div>\r\n    <\/div>\r\n  <\/div>\r\n<\/div>","protected":false},"excerpt":{"rendered":"<p>Unser Service Innenputz Heutige Anforderungen sind eine malfertige, tapezierf\u00e4hige, v\u00f6llig ebene Fl\u00e4che oder die Erzeugung gewollter Strukturen. Das verwendete Material ist \u00f6kologisch vertr\u00e4glich, unterst\u00fctzt ein angenehmes Raumklima und erm\u00f6glicht vielf\u00e4ltige Gestaltungsweisen. Mit sicherem Gef\u00fchl und Fachkenntnis ber\u00e4t sie J\u00fcrgen Hartmann \u00fcber mineralischen Putz, bis hin zur Verwendung von Lehmputz, \u00fcber unterschiedliche Verfahren und verschiedene Produkteigenschaften. [&hellip;]<\/p>\n","protected":false},"author":1,"featured_media":0,"parent":0,"menu_order":0,"comment_status":"closed","ping_status":"closed","template":"page-templates\/homepage.php","meta":{"footnotes":""},"_links":{"self":[{"href":"https:\/\/www.hartmann-verputztechnik.at\/2020\/wp-json\/wp\/v2\/pages\/1036"}],"collection":[{"href":"https:\/\/www.hartmann-verputztechnik.at\/2020\/wp-json\/wp\/v2\/pages"}],"about":[{"href":"https:\/\/www.hartmann-verputztechnik.at\/2020\/wp-json\/wp\/v2\/types\/page"}],"author":[{"embeddable":true,"href":"https:\/\/www.hartmann-verputztechnik.at\/2020\/wp-json\/wp\/v2\/users\/1"}],"replies":[{"embeddable":true,"href":"https:\/\/www.hartmann-verputztechnik.at\/2020\/wp-json\/wp\/v2\/comments?post=1036"}],"version-history":[{"count":20,"href":"https:\/\/www.hartmann-verputztechnik.at\/2020\/wp-json\/wp\/v2\/pages\/1036\/revisions"}],"predecessor-version":[{"id":3250,"href":"https:\/\/www.hartmann-verputztechnik.at\/2020\/wp-json\/wp\/v2\/pages\/1036\/revisions\/3250"}],"wp:attachment":[{"href":"https:\/\/www.hartmann-verputztechnik.at\/2020\/wp-json\/wp\/v2\/media?parent=1036"}],"curies":[{"name":"wp","href":"https:\/\/api.w.org\/{rel}","templated":true}]}}